{"id":352,"date":"2023-09-26T11:12:40","date_gmt":"2023-09-26T11:12:40","guid":{"rendered":"https:\/\/hypercore.monamedia.net\/chinh-sach-bao-mat\/"},"modified":"2023-09-26T11:12:40","modified_gmt":"2023-09-26T11:12:40","slug":"chinh-sach-bao-mat","status":"publish","type":"page","link":"https:\/\/hypercore.monamedia.net\/en\/chinh-sach-bao-mat\/","title":{"rendered":"Ch\u00ednh s\u00e1ch b\u1ea3o m\u1eadt"},"content":{"rendered":"\n<p>Ch\u00ednh s\u00e1ch b\u1ea3o m\u1eadt n\u00e0y m\u00f4 t\u1ea3 th\u00f4ng tin HyperCore thu th\u1eadp t\u1eeb kh\u00e1ch h\u00e0ng, nh\u1eefng g\u00ec ch\u00fang t\u00f4i l\u00e0m v\u1edbi th\u00f4ng tin \u0111\u00f3 v\u00e0 c\u00e1c ph\u01b0\u01a1ng ph\u00e1p b\u1ea3o m\u1eadt th\u00f4ng tin c\u1ee7a ch\u00fang t\u00f4i. N\u1ebfu Anh\/Ch\u1ecb c\u00f3 b\u1ea5t k\u1ef3 c\u00e2u h\u1ecfi n\u00e0o v\u1ec1 Ch\u00ednh s\u00e1ch b\u1ea3o m\u1eadt c\u1ee7a ch\u00fang t\u00f4i, xin vui l\u00f2ng li\u00ean h\u1ec7 v\u1edbi Ph\u00f2ng Kinh Doanh\/B\u1ed9 ph\u1eadn CSKH.<\/p>\n\n\n\n<h3 class=\"wp-block-heading\">1. M\u1ee5c \u0111\u00edch thu th\u1eadp th\u00f4ng tin c\u00e1 nh\u00e2n<\/h3>\n\n\n\n<p>Ph\u1ea1m vi th\u00f4ng tin m\u00e0 HyperCore thu th\u1eadp bao g\u1ed3m:<\/p>\n\n\n\n<ul>\n<li>H\u1ecd v\u00e0 t\u00ean<\/li>\n\n\n\n<li>\u0110\u1ecba ch\u1ec9<\/li>\n\n\n\n<li>S\u1ed1 \u0111i\u1ec7n tho\u1ea1i<\/li>\n\n\n\n<li>\u0110\u1ecba ch\u1ec9 Email<\/li>\n\n\n\n<li>S\u1ed1 ch\u1ee9ng minh nh\u00e2n d\u00e2n ho\u1eb7c th\u1ebb c\u0103n c\u01b0\u1edbc<\/li>\n<\/ul>\n\n\n\n<p>Ngo\u00e0i th\u00f4ng tin c\u00e1 nh\u00e2n, HyperCore c\u0169ng thu th\u1eadp c\u00e1c th\u00f4ng tin li\u00ean quan \u0111\u1ebfn s\u1ea3n ph\u1ea9m\/d\u1ecbch v\u1ee5 nh\u01b0:<\/p>\n\n\n\n<ul>\n<li>T\u00ean s\u1ea3n ph\u1ea9m\/d\u1ecbch v\u1ee5<\/li>\n\n\n\n<li>S\u1ed1 l\u01b0\u1ee3ng<\/li>\n\n\n\n<li>Th\u1eddi gian giao nh\u1eadn s\u1ea3n ph\u1ea9m\/d\u1ecbch v\u1ee5<\/li>\n<\/ul>\n\n\n\n<h3 class=\"wp-block-heading\">2. Ph\u1ea1m vi s\u1eed d\u1ee5ng th\u00f4ng tin<\/h3>\n\n\n\n<ul>\n<li>H\u1ed7 tr\u1ee3 v\u00e0 t\u01b0 v\u1ea5n cho kh\u00e1ch h\u00e0ng.<\/li>\n\n\n\n<li>Gi\u1ea3i \u0111\u00e1p c\u00e1c th\u1eafc m\u1eafc c\u1ee7a kh\u00e1ch h\u00e0ng.<\/li>\n\n\n\n<li>Cung c\u1ea5p cho kh\u00e1ch h\u00e0ng c\u00e1c th\u00f4ng tin li\u00ean quan \u0111\u1ebfn s\u1ea3n ph\u1ea9m\/d\u1ecbch v\u1ee5 tr\u00ean website c\u1ee7a ch\u00fang t\u00f4i.<\/li>\n\n\n\n<li>X\u1eed l\u00fd c\u00e1c \u0111\u01a1n \u0111\u1eb7t h\u00e0ng, cung c\u1ea5p d\u1ecbch v\u1ee5 v\u00e0 th\u00f4ng tin qua website c\u1ee7a c\u00f4ng ty theo y\u00eau c\u1ea7u c\u1ee7a kh\u00e1ch h\u00e0ng.<\/li>\n\n\n\n<li>G\u1eedi th\u00f4ng tin qu\u1ea3ng b\u00e1 v\u1ec1 s\u1ea3n ph\u1ea9m, d\u1ecbch v\u1ee5 m\u1edbi c\u1ee7a c\u00f4ng ty, th\u00f4ng tin v\u1ec1 c\u00e1c s\u1ef1 ki\u1ec7n n\u1ebfu kh\u00e1ch h\u00e0ng \u0111\u0103ng k\u00fd nh\u1eadn email th\u00f4ng b\u00e1o.<\/li>\n\n\n\n<li>S\u1eed d\u1ee5ng c\u00e1c th\u00f4ng tin m\u00e0 kh\u00e1ch h\u00e0ng cung c\u1ea5p \u0111\u1ec3 h\u1ed7 tr\u1ee3 qu\u1ea3n l\u00fd t\u00e0i kho\u1ea3n c\u1ee7a kh\u00e1ch h\u00e0ng, x\u00e1c nh\u1eadn v\u00e0 th\u1ef1c hi\u1ec7n c\u00e1c giao d\u1ecbch t\u00e0i ch\u00ednh li\u00ean quan \u0111\u1ebfn c\u00e1c kho\u1ea3n thanh to\u00e1n tr\u1ef1c tuy\u1ebfn c\u1ee7a kh\u00e1ch h\u00e0ng.<\/li>\n<\/ul>\n\n\n\n<h3 class=\"wp-block-heading\">3. Th\u1eddi gian l\u01b0u tr\u1eef th\u00f4ng tin<\/h3>\n\n\n\n<p>To\u00e0n b\u1ed9 th\u00f4ng tin c\u00e1 nh\u00e2n c\u1ee7a kh\u00e1ch h\u00e0ng \u0111\u1ec1u \u0111\u01b0\u1ee3c l\u01b0u tr\u1eef b\u1ea3o m\u1eadt tr\u00ean h\u1ec7 th\u1ed1ng n\u1ed9i b\u1ed9 c\u1ee7a c\u00f4ng ty trong su\u1ed1t qu\u00e1 tr\u00ecnh s\u1eed d\u1ee5ng d\u1ecbch v\u1ee5 ho\u1eb7c cho \u0111\u1ebfn khi nh\u1eadn \u0111\u01b0\u1ee3c y\u00eau c\u1ea7u h\u1ee7y b\u1ecf c\u00e1c th\u00f4ng tin \u0111\u00e3 cung c\u1ea5p t\u1eeb ph\u00eda kh\u00e1ch h\u00e0ng. \u0110\u1ec3 y\u00eau c\u1ea7u x\u00f3a d\u1eef li\u1ec7u th\u00f4ng tin c\u00e1 nh\u00e2n, kh\u00e1ch h\u00e0ng vui l\u00f2ng g\u1eedi mail v\u1ec1&nbsp;<a href=\"mailto:support@hypercore.vn\">support@hypercore.vn<\/a><\/p>\n\n\n\n<h3 class=\"wp-block-heading\">4. Nh\u1eefng ng\u01b0\u1eddi ho\u1eb7c t\u1ed5 ch\u1ee9c c\u00f3 th\u1ec3 \u0111\u01b0\u1ee3c ti\u1ebfp c\u1eadn v\u1edbi th\u00f4ng tin b\u1ea3o m\u1eadt<\/h3>\n\n\n\n<ul>\n<li>C\u00d4NG TY C\u1ed4 PH\u1ea6N C\u00d4NG NGH\u1ec6 HYPERCORE<\/li>\n\n\n\n<li>C\u00e1c \u0111\u1ed1i t\u00e1c c\u00f3 k\u00fd h\u1ee3p \u0111\u1ed9ng th\u1ef1c hi\u1ec7n 1 ph\u1ea7n d\u1ecbch v\u1ee5 do C\u00d4NG TY C\u1ed4 PH\u1ea6N C\u00d4NG NGH\u1ec6 HYPERCORE cung c\u1ea5p. C\u00e1c \u0111\u1ed1i t\u00e1c n\u00e0y s\u1ebd nh\u1eadn \u0111\u01b0\u1ee3c nh\u1eefng th\u00f4ng tin theo th\u1ecfa thu\u1eadn h\u1ee3p \u0111\u1ed3ng (c\u00f3 th\u1ec3 m\u1ed9t ph\u1ea7n ho\u1eb7c to\u00e0n b\u1ed9 th\u00f4ng tin t\u00f9y v\u00e0o \u0111i\u1ec1u kho\u1ea3n h\u1ee3p \u0111\u1ed3ng) \u0111\u1ec3 ti\u1ebfn h\u00e0nh h\u1ed7 tr\u1ee3 ng\u01b0\u1eddi d\u00f9ng s\u1eed d\u1ee5ng d\u1ecbch v\u1ee5 do C\u00f4ng ty cung c\u1ea5p.<\/li>\n<\/ul>\n\n\n\n<h3 class=\"wp-block-heading\">5. \u0110\u1ecba ch\u1ec9 c\u1ee7a \u0111\u01a1n v\u1ecb thu th\u1eadp v\u00e0 qu\u1ea3n l\u00fd th\u00f4ng tin<\/h3>\n\n\n\n<p>C\u00d4NG TY C\u1ed4 PH\u1ea6N C\u00d4NG NGH\u1ec6 HYPERCORE<\/p>\n\n\n\n<p>\u0110\u1ecba ch\u1ec9: 39 \u0110\u01b0\u1eddng 1B, Ph\u01b0\u1eddng B\u00ecnh Tr\u1ecb \u0110\u00f4ng B, Qu\u1eadn B\u00ecnh T\u00e2n, Th\u00e0nh ph\u1ed1 H\u1ed3 Ch\u00ed Minh<\/p>\n\n\n\n<p>5.2 \u0110\u1ed1i v\u1edbi nh\u1eefng tr\u01b0\u1eddng h\u1ee3p c\u1ea7n s\u1ef1 ch\u00ednh x\u00e1c, b\u1ea3o m\u1eadt th\u00f4ng tin c\u1ee7a kh\u00e1ch h\u00e0ng v\u00e0 c\u00f3 th\u1ec3 x\u1eed l\u00fd l\u00e2u h\u01a1n ch\u00fang t\u00f4i y\u00eau c\u1ea7u g\u1eedi h\u1ed7 tr\u1ee3 qua ticket t\u1ea1i h\u1ec7 th\u1ed1ng qu\u1ea3n l\u00fd kh\u00e1ch h\u00e0ng t\u1ea1<a href=\"https:\/\/rocketcloud.vn\/clients\/submitticket.php?step=2&amp;deptid=2\" target=\"_blank\" rel=\"noreferrer noopener\">i&nbsp;<\/a><a href=\"https:\/\/portal.hypercore.vn\/submitticket.php\"><strong>https:\/\/portal.hypercore.vn\/submitticket.php<\/strong><\/a>&nbsp;ho\u1eb7c g\u1eedi email t\u1edbi&nbsp;<a href=\"mailto:support@hypercore.vn\"><strong>support@hypercore.vn<\/strong><\/a><\/p>\n\n\n\n<p>\u0110i\u1ec7n tho\u1ea1i: 028 7105 7879<\/p>\n\n\n\n<p>Website:\u00a0<\/p>\n\n\n\n<p>Email:&nbsp;<a href=\"mailto:support@hypercore.vn\">support@hypercore.vn<\/a><\/p>\n\n\n\n<p>\u0110\u1ed1i v\u1edbi c\u00e1c th\u1eafc m\u1eafc v\u1ec1 ho\u1ea1t \u0111\u1ed9ng thu th\u1eadp, x\u1eed l\u00fd th\u00f4ng tin li\u00ean quan \u0111\u1ebfn c\u00e1 nh\u00e2n, kh\u00e1ch h\u00e0ng c\u00f3 th\u1ec3 li\u00ean h\u1ec7 s\u1ed1 028 7105 7879 ho\u1eb7c g\u1eedi mail v\u1ec1&nbsp;<a href=\"mailto:support@hypercore.vn\">support@hypercore.vn<\/a><\/p>\n\n\n\n<h3 class=\"wp-block-heading\">6. Ph\u01b0\u01a1ng th\u1ee9c v\u00e0 c\u00f4ng c\u1ee5 \u0111\u1ec3 ng\u01b0\u1eddi ti\u00eau d\u00f9ng ti\u1ebfp c\u1eadn v\u00e0 ch\u1ec9nh s\u1eeda d\u1eef li\u1ec7u c\u00e1 nh\u00e2n c\u1ee7a m\u00ecnh<\/h3>\n\n\n\n<p>Ng\u01b0\u1eddi d\u00f9ng c\u00f3 th\u1ec3 ti\u1ebfp c\u1eadn v\u00e0 ch\u1ec9nh s\u1eeda tr\u1ef1c ti\u1ebfp d\u1eef li\u1ec7u c\u00e1 nh\u00e2n c\u1ee7a m\u00ecnh th\u00f4ng qua website hypercore.vn b\u1eb1ng c\u00e1ch \u0111\u0103ng nh\u1eadp v\u00e0o t\u00e0i kho\u1ea3n m\u00e0 m\u00ecnh \u0111\u00e3 \u0111\u0103ng k\u00fd v\u00e0 s\u1eeda l\u1ea1i c\u00e1c th\u00f4ng tin, d\u1eef li\u1ec7u c\u00e1 nh\u00e2n c\u1ee7a m\u00ecnh.<\/p>\n\n\n\n<p>Kh\u00e1ch h\u00e0ng c\u0169ng c\u00f3 th\u1ec3 li\u00ean h\u1ec7 tr\u1ef1c ti\u1ebfp \u0111\u1ebfn 028 7105 7879 ho\u1eb7c email&nbsp;<a href=\"mailto:support@hypercore.vn\">support@hypercore.vn<\/a>&nbsp;\u0111\u1ec3 y\u00eau c\u1ea7u HyperCore ch\u1ec9nh s\u1eeda d\u1eef li\u1ec7u c\u00e1 nh\u00e2n c\u1ee7a m\u00ecnh.<\/p>\n\n\n\n<h3 class=\"wp-block-heading\">7. Cam k\u1ebft b\u1ea3o m\u1eadt th\u00f4ng tin c\u00e1 nh\u00e2n kh\u00e1ch h\u00e0ng<\/h3>\n\n\n\n<p>B\u1ea3o m\u1eadt th\u00f4ng tin kh\u00e1ch h\u00e0ng l\u00e0 ngh\u0129a v\u1ee5 v\u00e0 tr\u00e1ch nhi\u1ec7m c\u1ee7a HyperCore. Nh\u1eb1m mang l\u1ea1i s\u1ef1 an to\u00e0n v\u00e0 an t\u00e2m tuy\u1ec7t \u0111\u1ed1i cho kh\u00e1ch h\u00e0ng, HyperCore cam k\u1ebft b\u1ea3o m\u1eadt to\u00e0n b\u1ed9 th\u00f4ng tin cung c\u1ea5p b\u1edfi kh\u00e1ch h\u00e0ng, v\u00e0 th\u00f4ng tin c\u00e1 nh\u00e2n c\u1ee7a kh\u00e1ch h\u00e0ng ch\u1ec9 s\u1eed d\u1ee5ng trong Ph\u1ea1m vi s\u1eed d\u1ee5ng th\u00f4ng tin \u1edf \u0110i\u1ec1u 2. Tuy\u1ec7t \u0111\u1ed1i kh\u00f4ng chia s\u1ebb th\u00f4ng tin kh\u00e1ch h\u00e0ng d\u01b0\u1edbi b\u1ea5t k\u1ef3 h\u00ecnh th\u1ee9c n\u00e0o cho b\u00ean th\u1ee9 ba, tr\u1eeb khi c\u00f3 y\u00eau c\u1ea7u t\u1eeb ph\u00eda c\u01a1 quan Nh\u00e0 n\u01b0\u1edbc c\u00f3 th\u1ea9m quy\u1ec1n.<\/p>\n\n\n\n<h3 class=\"wp-block-heading\">8. C\u01a1 ch\u1ebf ti\u1ebfp nh\u1eadn v\u00e0 gi\u1ea3i quy\u1ebft khi\u1ebfu n\u1ea1i li\u00ean quan \u0111\u1ebfn vi\u1ec7c th\u00f4ng tin c\u00e1 nh\u00e2n kh\u00e1ch h\u00e0ng<\/h3>\n\n\n\n<p>Trong tr\u01b0\u1eddng h\u1ee3p c\u00f3 khi\u1ebfu n\u1ea1i li\u00ean quan \u0111\u1ebfn vi\u1ec7c th\u00f4ng tin c\u00e1 nh\u00e2n b\u1ecb s\u1eed d\u1ee5ng sai m\u1ee5c \u0111\u00edch ho\u1eb7c ph\u1ea1m vi \u0111\u00e3 th\u00f4ng b\u00e1o vui l\u00f2ng li\u00ean h\u1ec7 qua s\u1ed1 028 7105 7879 ho\u1eb7c email&nbsp;<a href=\"mailto:support@hypercore.vn\">support@hypercore.vn<\/a><\/p>\n\n\n\n<p>C\u00f4ng ty c\u00f3 tr\u00e1ch nhi\u1ec7m th\u1ef1c hi\u1ec7n c\u00e1c bi\u1ec7n ph\u00e1p k\u1ef9 thu\u1eadt, nghi\u1ec7p v\u1ee5 \u0111\u1ec3 x\u00e1c minh v\u00e0 gi\u1ea3i quy\u1ebft c\u00e1c n\u1ed9i dung \u0111\u01b0\u1ee3c khi\u1ebfu n\u1ea1i.&nbsp;&nbsp;<\/p>\n","protected":false},"excerpt":{"rendered":"<p>Ch\u00ednh s\u00e1ch b\u1ea3o m\u1eadt n\u00e0y m\u00f4 t\u1ea3 th\u00f4ng tin HyperCore thu th\u1eadp t\u1eeb kh\u00e1ch h\u00e0ng, nh\u1eefng g\u00ec ch\u00fang t\u00f4i l\u00e0m v\u1edbi th\u00f4ng tin \u0111\u00f3 v\u00e0 c\u00e1c ph\u01b0\u01a1ng ph\u00e1p b\u1ea3o m\u1eadt th\u00f4ng tin c\u1ee7a ch\u00fang t\u00f4i. N\u1ebfu Anh\/Ch\u1ecb c\u00f3 b\u1ea5t k\u1ef3 c\u00e2u h\u1ecfi n\u00e0o v\u1ec1 Ch\u00ednh s\u00e1ch b\u1ea3o m\u1eadt c\u1ee7a ch\u00fang t\u00f4i, xin vui l\u00f2ng li\u00ean [&hellip;]<\/p>\n","protected":false},"author":1,"featured_media":0,"parent":0,"menu_order":0,"comment_status":"closed","ping_status":"open","template":"","meta":{"inline_featured_image":false},"acf":[],"_links":{"self":[{"href":"https:\/\/hypercore.monamedia.net\/en\/wp-json\/wp\/v2\/pages\/352"}],"collection":[{"href":"https:\/\/hypercore.monamedia.net\/en\/wp-json\/wp\/v2\/pages"}],"about":[{"href":"https:\/\/hypercore.monamedia.net\/en\/wp-json\/wp\/v2\/types\/page"}],"author":[{"embeddable":true,"href":"https:\/\/hypercore.monamedia.net\/en\/wp-json\/wp\/v2\/users\/1"}],"replies":[{"embeddable":true,"href":"https:\/\/hypercore.monamedia.net\/en\/wp-json\/wp\/v2\/comments?post=352"}],"version-history":[{"count":0,"href":"https:\/\/hypercore.monamedia.net\/en\/wp-json\/wp\/v2\/pages\/352\/revisions"}],"wp:attachment":[{"href":"https:\/\/hypercore.monamedia.net\/en\/wp-json\/wp\/v2\/media?parent=352"}],"curies":[{"name":"wp","href":"https:\/\/api.w.org\/{rel}","templated":true}]}}